{"id":768,"date":"2021-06-15T07:05:30","date_gmt":"2021-06-15T07:05:30","guid":{"rendered":"https:\/\/foerderverein-haslochbergschule.de?page_id=768"},"modified":"2025-12-06T19:44:51","modified_gmt":"2025-12-06T18:44:51","slug":"mitgliedschaft","status":"publish","type":"page","link":"https:\/\/foerderverein-haslochbergschule.de\/index.php\/mitgliedschaft\/","title":{"rendered":"Mitgliedschaft"},"content":{"rendered":"\t\t<div data-elementor-type=\"wp-page\" data-elementor-id=\"768\" class=\"elementor elementor-768\">\n\t\t\t\t<div class=\"elementor-element elementor-element-c3b93ac e-flex e-con-boxed e-con e-parent\" data-id=\"c3b93ac\" data-element_type=\"container\" data-e-type=\"container\">\n\t\t\t\t\t<div class=\"e-con-inner\">\n\t\t\t\t<div class=\"elementor-element elementor-element-c08da83 elementor-widget elementor-widget-spacer\" data-id=\"c08da83\" data-element_type=\"widget\" data-e-type=\"widget\" data-widget_type=\"spacer.default\">\n\t\t\t\t<div class=\"elementor-widget-container\">\n\t\t\t\t\t\t\t<div class=\"elementor-spacer\">\n\t\t\t<div class=\"elementor-spacer-inner\"><\/div>\n\t\t<\/div>\n\t\t\t\t\t\t<\/div>\n\t\t\t\t<\/div>\n\t\t\t\t<div class=\"elementor-element elementor-element-2240eb24 elementor-widget elementor-widget-heading\" data-id=\"2240eb24\" data-element_type=\"widget\" data-e-type=\"widget\" data-widget_type=\"heading.default\">\n\t\t\t\t<div class=\"elementor-widget-container\">\n\t\t\t\t\t<h1 class=\"elementor-heading-title elementor-size-default\">Mitglieder<\/h1>\t\t\t\t<\/div>\n\t\t\t\t<\/div>\n\t\t\t\t<div class=\"elementor-element elementor-element-c11019a elementor-widget elementor-widget-text-editor\" data-id=\"c11019a\" data-element_type=\"widget\" data-e-type=\"widget\" data-widget_type=\"text-editor.default\">\n\t\t\t\t<div class=\"elementor-widget-container\">\n\t\t\t\t\t\t\t\t\t<p>Aktuell hat unser F\u00f6rderverein 279 Mitglieder. Davon 163 Erwachsene und 116 Kinder.<\/p>\t\t\t\t\t\t\t\t<\/div>\n\t\t\t\t<\/div>\n\t\t\t\t<div class=\"elementor-element elementor-element-c7404c7 elementor-widget elementor-widget-spacer\" data-id=\"c7404c7\" data-element_type=\"widget\" data-e-type=\"widget\" data-widget_type=\"spacer.default\">\n\t\t\t\t<div class=\"elementor-widget-container\">\n\t\t\t\t\t\t\t<div class=\"elementor-spacer\">\n\t\t\t<div class=\"elementor-spacer-inner\"><\/div>\n\t\t<\/div>\n\t\t\t\t\t\t<\/div>\n\t\t\t\t<\/div>\n\t\t\t\t\t<\/div>\n\t\t\t\t<\/div>\n\t\t<div class=\"elementor-element elementor-element-43f8385 e-flex e-con-boxed e-con e-parent\" data-id=\"43f8385\" data-element_type=\"container\" data-e-type=\"container\">\n\t\t\t\t\t<div class=\"e-con-inner\">\n\t\t<div class=\"elementor-element elementor-element-1ce540e e-con-full e-flex e-con e-child\" data-id=\"1ce540e\" data-element_type=\"container\" data-e-type=\"container\">\n\t\t\t\t<div class=\"elementor-element elementor-element-545d920 elementor-widget elementor-widget-heading\" data-id=\"545d920\" data-element_type=\"widget\" data-e-type=\"widget\" data-widget_type=\"heading.default\">\n\t\t\t\t<div class=\"elementor-widget-container\">\n\t\t\t\t\t<h2 class=\"elementor-heading-title elementor-size-default\">Wer sind unsere Mitglieder?<\/h2>\t\t\t\t<\/div>\n\t\t\t\t<\/div>\n\t\t\t\t<div class=\"elementor-element elementor-element-42f431e elementor-widget elementor-widget-text-editor\" data-id=\"42f431e\" data-element_type=\"widget\" data-e-type=\"widget\" data-widget_type=\"text-editor.default\">\n\t\t\t\t<div class=\"elementor-widget-container\">\n\t\t\t\t\t\t\t\t\t<ul><li>&#8211;\u00a0 Sch\u00fcler und Sch\u00fclerinnen der Haslochbergschule<\/li><li>&#8211;\u00a0 Erziehungsberechtigte, deren Kinder die Haslochbergschule besuchen<\/li><li>&#8211; Jeder, der den F\u00f6rderverein und damit die Kinder der Schule unterst\u00fctzen<\/li><li>\u00a0 \u00a0m\u00f6chte<\/li><\/ul>\t\t\t\t\t\t\t\t<\/div>\n\t\t\t\t<\/div>\n\t\t\t\t<\/div>\n\t\t<div class=\"elementor-element elementor-element-f8c0d94 e-con-full e-flex e-con e-child\" data-id=\"f8c0d94\" data-element_type=\"container\" data-e-type=\"container\">\n\t\t\t\t<div class=\"elementor-element elementor-element-d6990af elementor-widget elementor-widget-heading\" data-id=\"d6990af\" data-element_type=\"widget\" data-e-type=\"widget\" data-widget_type=\"heading.default\">\n\t\t\t\t<div class=\"elementor-widget-container\">\n\t\t\t\t\t<h2 class=\"elementor-heading-title elementor-size-default\">Wie hoch ist der Mitgliedsbeitrag?<\/h2>\t\t\t\t<\/div>\n\t\t\t\t<\/div>\n\t\t\t\t<div class=\"elementor-element elementor-element-a85cc82 elementor-widget elementor-widget-text-editor\" data-id=\"a85cc82\" data-element_type=\"widget\" data-e-type=\"widget\" data-widget_type=\"text-editor.default\">\n\t\t\t\t<div class=\"elementor-widget-container\">\n\t\t\t\t\t\t\t\t\t<ul><li>&#8211; Jahresbeitrag f\u00fcr Familien:\u00a0 \u00a0 \u00a0 \u00a0 \u00a0 \u00a0 \u00a0 \u00a025,00 Euro<\/li><li>&#8211; Einzelmitgliedschaft Erwachsene:\u00a0 \u00a015,00 Euro<\/li><li>&#8211; Einzelmitgliedschaft Kinder:\u00a0 \u00a0 \u00a0 \u00a0 \u00a0 \u00a0 \u00a010,00 Euro<\/li><\/ul>\t\t\t\t\t\t\t\t<\/div>\n\t\t\t\t<\/div>\n\t\t\t\t<div class=\"elementor-element elementor-element-751718a elementor-widget elementor-widget-spacer\" data-id=\"751718a\" data-element_type=\"widget\" data-e-type=\"widget\" data-widget_type=\"spacer.default\">\n\t\t\t\t<div class=\"elementor-widget-container\">\n\t\t\t\t\t\t\t<div class=\"elementor-spacer\">\n\t\t\t<div class=\"elementor-spacer-inner\"><\/div>\n\t\t<\/div>\n\t\t\t\t\t\t<\/div>\n\t\t\t\t<\/div>\n\t\t\t\t<\/div>\n\t\t\t\t\t<\/div>\n\t\t\t\t<\/div>\n\t\t<div class=\"elementor-element elementor-element-a060984 e-flex e-con-boxed e-con e-parent\" data-id=\"a060984\" data-element_type=\"container\" data-e-type=\"container\">\n\t\t\t\t\t<div class=\"e-con-inner\">\n\t\t\t\t<div class=\"elementor-element elementor-element-d7110e7 elementor-widget elementor-widget-heading\" data-id=\"d7110e7\" data-element_type=\"widget\" data-e-type=\"widget\" data-widget_type=\"heading.default\">\n\t\t\t\t<div class=\"elementor-widget-container\">\n\t\t\t\t\t<h4 class=\"elementor-heading-title elementor-size-default\">Du m\u00f6chtest den F\u00f6rderverein ebenfalls unterst\u00fctzen? Hier kannst du dir das Beitrittsformular runterladen:<\/h4>\t\t\t\t<\/div>\n\t\t\t\t<\/div>\n\t\t\t\t<div class=\"elementor-element elementor-element-475c0d7 elementor-align-center elementor-widget elementor-widget-button\" data-id=\"475c0d7\" data-element_type=\"widget\" data-e-type=\"widget\" data-widget_type=\"button.default\">\n\t\t\t\t<div class=\"elementor-widget-container\">\n\t\t\t\t\t\t\t\t\t<div class=\"elementor-button-wrapper\">\n\t\t\t\t\t<a class=\"elementor-button elementor-button-link elementor-size-sm\" href=\"https:\/\/foerderverein-haslochbergschule.de\/wp-content\/uploads\/2025\/11\/Anmeldung_FoeV_Druckversion.pdf\">\n\t\t\t\t\t\t<span class=\"elementor-button-content-wrapper\">\n\t\t\t\t\t\t\t\t\t<span class=\"elementor-button-text\">Mitgliedschaft<\/span>\n\t\t\t\t\t<\/span>\n\t\t\t\t\t<\/a>\n\t\t\t\t<\/div>\n\t\t\t\t\t\t\t\t<\/div>\n\t\t\t\t<\/div>\n\t\t\t\t<div class=\"elementor-element elementor-element-1cc5bc3 elementor-widget elementor-widget-spacer\" data-id=\"1cc5bc3\" data-element_type=\"widget\" data-e-type=\"widget\" data-widget_type=\"spacer.default\">\n\t\t\t\t<div class=\"elementor-widget-container\">\n\t\t\t\t\t\t\t<div class=\"elementor-spacer\">\n\t\t\t<div class=\"elementor-spacer-inner\"><\/div>\n\t\t<\/div>\n\t\t\t\t\t\t<\/div>\n\t\t\t\t<\/div>\n\t\t\t\t<div class=\"elementor-element elementor-element-b21e62c elementor-widget elementor-widget-text-editor\" data-id=\"b21e62c\" data-element_type=\"widget\" data-e-type=\"widget\" data-widget_type=\"text-editor.default\">\n\t\t\t\t<div class=\"elementor-widget-container\">\n\t\t\t\t\t\t\t\t\t<p>Du m\u00f6chtest kein Mitglied werden? Du kannst uns auch durch dein ehrenamtliches Engagement bei unseren Veranstaltungen oder durch Geld- oder Sachspenden unterst\u00fctzen. Bei Fragen und Anregungen melde dich gerne bei uns (siehe Kontakt).<\/p>\t\t\t\t\t\t\t\t<\/div>\n\t\t\t\t<\/div>\n\t\t\t\t\t<\/div>\n\t\t\t\t<\/div>\n\t\t\t\t<\/div>\n\t\t","protected":false},"excerpt":{"rendered":"<p>Mitglieder Aktuell hat unser F\u00f6rderverein 279 Mitglieder. Davon 163 Erwachsene und 116 Kinder. Wer sind unsere Mitglieder? &#8211;\u00a0 Sch\u00fcler und [&hellip;]<\/p>\n","protected":false},"author":2,"featured_media":1261,"parent":0,"menu_order":0,"comment_status":"closed","ping_status":"closed","template":"elementor_header_footer","meta":{"footnotes":""},"class_list":["post-768","page","type-page","status-publish","has-post-thumbnail","hentry"],"_links":{"self":[{"href":"https:\/\/foerderverein-haslochbergschule.de\/index.php\/wp-json\/wp\/v2\/pages\/768","targetHints":{"allow":["GET"]}}],"collection":[{"href":"https:\/\/foerderverein-haslochbergschule.de\/index.php\/wp-json\/wp\/v2\/pages"}],"about":[{"href":"https:\/\/foerderverein-haslochbergschule.de\/index.php\/wp-json\/wp\/v2\/types\/page"}],"author":[{"embeddable":true,"href":"https:\/\/foerderverein-haslochbergschule.de\/index.php\/wp-json\/wp\/v2\/users\/2"}],"replies":[{"embeddable":true,"href":"https:\/\/foerderverein-haslochbergschule.de\/index.php\/wp-json\/wp\/v2\/comments?post=768"}],"version-history":[{"count":0,"href":"https:\/\/foerderverein-haslochbergschule.de\/index.php\/wp-json\/wp\/v2\/pages\/768\/revisions"}],"wp:featuredmedia":[{"embeddable":true,"href":"https:\/\/foerderverein-haslochbergschule.de\/index.php\/wp-json\/wp\/v2\/media\/1261"}],"wp:attachment":[{"href":"https:\/\/foerderverein-haslochbergschule.de\/index.php\/wp-json\/wp\/v2\/media?parent=768"}],"curies":[{"name":"wp","href":"https:\/\/api.w.org\/{rel}","templated":true}]}}